{"id":307,"date":"2024-11-19T21:52:51","date_gmt":"2024-11-19T21:52:51","guid":{"rendered":"https:\/\/acerosdeloriente.com\/reload\/?post_type=product&#038;p=307"},"modified":"2025-07-10T21:07:58","modified_gmt":"2025-07-10T21:07:58","slug":"tuberia-estructural","status":"publish","type":"product","link":"https:\/\/acerosdeloriente.com\/reload\/producto\/tuberia-estructural\/","title":{"rendered":"Tuber\u00eda Estructural"},"content":{"rendered":"<p>Perfiles con caracter\u00edsticas estructurales para la ingenier\u00eda y construcci\u00f3n.<\/p>\n<p><b>Medidas:<\/b><br \/>\n* 25 X 25 hasta 300 X 300<br \/>\n* 50 X 25 hasta 200 X 100<br \/>\n* Desde 3 mm en adelante<\/p>\n<p>NTC 4586 &#8211; ASTM A 500<\/p>\n","protected":false},"excerpt":{"rendered":"<p>Perfiles con caracter\u00edsticas estructurales para la ingenier\u00eda y construcci\u00f3n.<\/p>\n","protected":false},"featured_media":308,"comment_status":"open","ping_status":"closed","template":"","meta":{"_et_pb_use_builder":"","_et_pb_old_content":"","_et_gb_content_width":""},"product_brand":[],"product_cat":[24],"product_tag":[],"class_list":{"0":"post-307","1":"product","2":"type-product","3":"status-publish","4":"has-post-thumbnail","6":"product_cat-tuberias","8":"first","9":"instock","10":"shipping-taxable","11":"product-type-simple"},"_links":{"self":[{"href":"https:\/\/acerosdeloriente.com\/reload\/wp-json\/wp\/v2\/product\/307","targetHints":{"allow":["GET"]}}],"collection":[{"href":"https:\/\/acerosdeloriente.com\/reload\/wp-json\/wp\/v2\/product"}],"about":[{"href":"https:\/\/acerosdeloriente.com\/reload\/wp-json\/wp\/v2\/types\/product"}],"replies":[{"embeddable":true,"href":"https:\/\/acerosdeloriente.com\/reload\/wp-json\/wp\/v2\/comments?post=307"}],"wp:featuredmedia":[{"embeddable":true,"href":"https:\/\/acerosdeloriente.com\/reload\/wp-json\/wp\/v2\/media\/308"}],"wp:attachment":[{"href":"https:\/\/acerosdeloriente.com\/reload\/wp-json\/wp\/v2\/media?parent=307"}],"wp:term":[{"taxonomy":"product_brand","embeddable":true,"href":"https:\/\/acerosdeloriente.com\/reload\/wp-json\/wp\/v2\/product_brand?post=307"},{"taxonomy":"product_cat","embeddable":true,"href":"https:\/\/acerosdeloriente.com\/reload\/wp-json\/wp\/v2\/product_cat?post=307"},{"taxonomy":"product_tag","embeddable":true,"href":"https:\/\/acerosdeloriente.com\/reload\/wp-json\/wp\/v2\/product_tag?post=307"}],"curies":[{"name":"wp","href":"https:\/\/api.w.org\/{rel}","templated":true}]}}