{"id":309,"date":"2024-11-19T21:55:55","date_gmt":"2024-11-19T21:55:55","guid":{"rendered":"https:\/\/acerosdeloriente.com\/reload\/?post_type=product&#038;p=309"},"modified":"2025-07-10T21:07:02","modified_gmt":"2025-07-10T21:07:02","slug":"lamina-colaborante","status":"publish","type":"product","link":"https:\/\/acerosdeloriente.com\/reload\/producto\/lamina-colaborante\/","title":{"rendered":"L\u00e1mina Colaborante"},"content":{"rendered":"<p>Novedoso, eficiente y vers\u00e1til sistema constructivo en el cual se reduce el tiempo de construcci\u00f3n, el peso de la losa y la cantidad de viguetas y concreto. Se utiliza en proyectos que manejan luces de grandes longitudes, \u00e1reas extensas y niveles de cargas altas: industria, comercio, parqueaderos, oficinas cubiertas y viviendas<\/p>\n<p><b>Medidas:<\/b><br \/>\n0.75 mm X 6.00 mts X 2\u2033 Altura<br \/>\n0.90 mm X 6.00 mts X 2&#8243; Altura<\/p>\n<p>1 mt ancho \u00fatil<br \/>\nGrado 40 y 50<\/p>\n<p>NSR 10 exige espesores &gt;0.725 mm<\/p>\n","protected":false},"excerpt":{"rendered":"<p>Novedoso, eficiente y vers\u00e1til sistema constructivo en el cual se reduce el tiempo de construcci\u00f3n, el peso de la losa y la cantidad de viguetas y concreto. Se utiliza en proyectos que manejan luces de grandes longitudes, \u00e1reas extensas y niveles de cargas altas: industria, comercio, parqueaderos, oficinas cubiertas y viviendas<\/p>\n","protected":false},"featured_media":310,"comment_status":"open","ping_status":"closed","template":"","meta":{"_et_pb_use_builder":"","_et_pb_old_content":"","_et_gb_content_width":""},"product_brand":[],"product_cat":[25],"product_tag":[],"class_list":{"0":"post-309","1":"product","2":"type-product","3":"status-publish","4":"has-post-thumbnail","6":"product_cat-laminas","8":"first","9":"instock","10":"shipping-taxable","11":"product-type-simple"},"_links":{"self":[{"href":"https:\/\/acerosdeloriente.com\/reload\/wp-json\/wp\/v2\/product\/309","targetHints":{"allow":["GET"]}}],"collection":[{"href":"https:\/\/acerosdeloriente.com\/reload\/wp-json\/wp\/v2\/product"}],"about":[{"href":"https:\/\/acerosdeloriente.com\/reload\/wp-json\/wp\/v2\/types\/product"}],"replies":[{"embeddable":true,"href":"https:\/\/acerosdeloriente.com\/reload\/wp-json\/wp\/v2\/comments?post=309"}],"wp:featuredmedia":[{"embeddable":true,"href":"https:\/\/acerosdeloriente.com\/reload\/wp-json\/wp\/v2\/media\/310"}],"wp:attachment":[{"href":"https:\/\/acerosdeloriente.com\/reload\/wp-json\/wp\/v2\/media?parent=309"}],"wp:term":[{"taxonomy":"product_brand","embeddable":true,"href":"https:\/\/acerosdeloriente.com\/reload\/wp-json\/wp\/v2\/product_brand?post=309"},{"taxonomy":"product_cat","embeddable":true,"href":"https:\/\/acerosdeloriente.com\/reload\/wp-json\/wp\/v2\/product_cat?post=309"},{"taxonomy":"product_tag","embeddable":true,"href":"https:\/\/acerosdeloriente.com\/reload\/wp-json\/wp\/v2\/product_tag?post=309"}],"curies":[{"name":"wp","href":"https:\/\/api.w.org\/{rel}","templated":true}]}}