{"id":311,"date":"2024-11-19T22:01:44","date_gmt":"2024-11-19T22:01:44","guid":{"rendered":"https:\/\/acerosdeloriente.com\/reload\/?post_type=product&#038;p=311"},"modified":"2025-07-10T21:06:51","modified_gmt":"2025-07-10T21:06:51","slug":"lamina-galvanizada","status":"publish","type":"product","link":"https:\/\/acerosdeloriente.com\/reload\/producto\/lamina-galvanizada\/","title":{"rendered":"L\u00e1mina Galvanizada"},"content":{"rendered":"<p>La l\u00e1mina galvanizada se obtiene mediante una inmersi\u00f3n en caliente de zinc a una l\u00e1mina en frio o caliente. Se obtiene una l\u00e1mina altamente brillante que tiene una capa resistente contra la corrosi\u00f3n del ambiente.<\/p>\n<p><b>Medidas:<\/b><br \/>\n* 0.35 mm \u2013 0.40 mm \u2013 0.42 mm<br \/>\n* 0.43 mm \u2013 0.55 mm \u2013 0.70 mm<br \/>\n* 0.85 mm \u2013 1.15 mm \u2013 1.45 mm<\/p>\n<p>ASTM A 653<\/p>\n","protected":false},"excerpt":{"rendered":"<p>La l\u00e1mina galvanizada se obtiene mediante una inmersi\u00f3n en caliente de zinc a una l\u00e1mina en frio o caliente. Se obtiene una l\u00e1mina altamente brillante que tiene una capa resistente contra la corrosi\u00f3n del ambiente.<\/p>\n","protected":false},"featured_media":312,"comment_status":"open","ping_status":"closed","template":"","meta":{"_et_pb_use_builder":"","_et_pb_old_content":"","_et_gb_content_width":""},"product_brand":[],"product_cat":[25],"product_tag":[],"class_list":{"0":"post-311","1":"product","2":"type-product","3":"status-publish","4":"has-post-thumbnail","6":"product_cat-laminas","8":"first","9":"instock","10":"shipping-taxable","11":"product-type-simple"},"_links":{"self":[{"href":"https:\/\/acerosdeloriente.com\/reload\/wp-json\/wp\/v2\/product\/311","targetHints":{"allow":["GET"]}}],"collection":[{"href":"https:\/\/acerosdeloriente.com\/reload\/wp-json\/wp\/v2\/product"}],"about":[{"href":"https:\/\/acerosdeloriente.com\/reload\/wp-json\/wp\/v2\/types\/product"}],"replies":[{"embeddable":true,"href":"https:\/\/acerosdeloriente.com\/reload\/wp-json\/wp\/v2\/comments?post=311"}],"wp:featuredmedia":[{"embeddable":true,"href":"https:\/\/acerosdeloriente.com\/reload\/wp-json\/wp\/v2\/media\/312"}],"wp:attachment":[{"href":"https:\/\/acerosdeloriente.com\/reload\/wp-json\/wp\/v2\/media?parent=311"}],"wp:term":[{"taxonomy":"product_brand","embeddable":true,"href":"https:\/\/acerosdeloriente.com\/reload\/wp-json\/wp\/v2\/product_brand?post=311"},{"taxonomy":"product_cat","embeddable":true,"href":"https:\/\/acerosdeloriente.com\/reload\/wp-json\/wp\/v2\/product_cat?post=311"},{"taxonomy":"product_tag","embeddable":true,"href":"https:\/\/acerosdeloriente.com\/reload\/wp-json\/wp\/v2\/product_tag?post=311"}],"curies":[{"name":"wp","href":"https:\/\/api.w.org\/{rel}","templated":true}]}}