{"id":313,"date":"2024-11-19T22:03:23","date_gmt":"2024-11-19T22:03:23","guid":{"rendered":"https:\/\/acerosdeloriente.com\/reload\/?post_type=product&#038;p=313"},"modified":"2025-07-10T21:06:37","modified_gmt":"2025-07-10T21:06:37","slug":"lamina-alfajor","status":"publish","type":"product","link":"https:\/\/acerosdeloriente.com\/reload\/producto\/lamina-alfajor\/","title":{"rendered":"L\u00e1mina Alfajor"},"content":{"rendered":"<p>La l\u00e1mina alfajor o antideslizante parte de la l\u00e1mina HR y gracias a moldes adquiere las l\u00e1grimas que le dan sus caracter\u00edsticas f\u00edsicas. Ampliamente utilizada en la industria, en zonas de tr\u00e1fico pesado o de riesgo gracias a sus propiedades antideslizantes.<\/p>\n<p><b>Medidas:<\/b><br \/>\n* 2.00 mm \u2013 2.50 mm \u2013 3.00 mm<br \/>\n* 4.50 mm \u2013 6.00 mm<\/p>\n","protected":false},"excerpt":{"rendered":"<p>La l\u00e1mina alfajor o antideslizante parte de la l\u00e1mina HR y gracias a moldes adquiere las l\u00e1grimas que le dan sus caracter\u00edsticas f\u00edsicas. Ampliamente utilizada en la industria, en zonas de tr\u00e1fico pesado o de riesgo gracias a sus propiedades antideslizantes.<\/p>\n","protected":false},"featured_media":314,"comment_status":"open","ping_status":"closed","template":"","meta":{"_et_pb_use_builder":"","_et_pb_old_content":"","_et_gb_content_width":""},"product_brand":[],"product_cat":[25],"product_tag":[],"class_list":{"0":"post-313","1":"product","2":"type-product","3":"status-publish","4":"has-post-thumbnail","6":"product_cat-laminas","8":"first","9":"instock","10":"shipping-taxable","11":"product-type-simple"},"_links":{"self":[{"href":"https:\/\/acerosdeloriente.com\/reload\/wp-json\/wp\/v2\/product\/313","targetHints":{"allow":["GET"]}}],"collection":[{"href":"https:\/\/acerosdeloriente.com\/reload\/wp-json\/wp\/v2\/product"}],"about":[{"href":"https:\/\/acerosdeloriente.com\/reload\/wp-json\/wp\/v2\/types\/product"}],"replies":[{"embeddable":true,"href":"https:\/\/acerosdeloriente.com\/reload\/wp-json\/wp\/v2\/comments?post=313"}],"wp:featuredmedia":[{"embeddable":true,"href":"https:\/\/acerosdeloriente.com\/reload\/wp-json\/wp\/v2\/media\/314"}],"wp:attachment":[{"href":"https:\/\/acerosdeloriente.com\/reload\/wp-json\/wp\/v2\/media?parent=313"}],"wp:term":[{"taxonomy":"product_brand","embeddable":true,"href":"https:\/\/acerosdeloriente.com\/reload\/wp-json\/wp\/v2\/product_brand?post=313"},{"taxonomy":"product_cat","embeddable":true,"href":"https:\/\/acerosdeloriente.com\/reload\/wp-json\/wp\/v2\/product_cat?post=313"},{"taxonomy":"product_tag","embeddable":true,"href":"https:\/\/acerosdeloriente.com\/reload\/wp-json\/wp\/v2\/product_tag?post=313"}],"curies":[{"name":"wp","href":"https:\/\/api.w.org\/{rel}","templated":true}]}}