{"id":315,"date":"2024-11-19T22:05:02","date_gmt":"2024-11-19T22:05:02","guid":{"rendered":"https:\/\/acerosdeloriente.com\/reload\/?post_type=product&#038;p=315"},"modified":"2025-07-10T21:06:32","modified_gmt":"2025-07-10T21:06:32","slug":"lamina-hot-rolled","status":"publish","type":"product","link":"https:\/\/acerosdeloriente.com\/reload\/producto\/lamina-hot-rolled\/","title":{"rendered":"L\u00e1mina Hot Rolled"},"content":{"rendered":"<p>Hot Rolled o HR se obtiene mediante un proceso metal\u00fargico de fundici\u00f3n de aleaciones o chatarra en caliente. Se obtienen l\u00e1minas a partir de planchas que mediante rodillos bajan su espesor hasta obtener el grosor indicado.<\/p>\n<p><b>Medidas:<\/b><br \/>\n* 1.50 mm \u2013 2.00 mm \u2013 2.50 mm<br \/>\n* 3.00 mm \u2013 3.50 mm \u2013 4.00 mm<br \/>\n*4.50 mm \u2013 6.00 mm \u2013 8.00 mm<br \/>\n* 9.00 mm \u2013 12.00 mm<\/p>\n<p>Formatos 4X8 y 1.20 X 6 mts<\/p>\n<p>ASTM A 36 &#8211; ASTM A 572 grado 50<\/p>\n","protected":false},"excerpt":{"rendered":"<p>Hot Rolled o HR se obtiene mediante un proceso metal\u00fargico de fundici\u00f3n de aleaciones o chatarra en caliente. Se obtienen l\u00e1minas a partir de planchas que mediante rodillos bajan su espesor hasta obtener el grosor indicado.<\/p>\n","protected":false},"featured_media":316,"comment_status":"open","ping_status":"closed","template":"","meta":{"_et_pb_use_builder":"","_et_pb_old_content":"","_et_gb_content_width":""},"product_brand":[],"product_cat":[25],"product_tag":[],"class_list":{"0":"post-315","1":"product","2":"type-product","3":"status-publish","4":"has-post-thumbnail","6":"product_cat-laminas","8":"first","9":"instock","10":"shipping-taxable","11":"product-type-simple"},"_links":{"self":[{"href":"https:\/\/acerosdeloriente.com\/reload\/wp-json\/wp\/v2\/product\/315","targetHints":{"allow":["GET"]}}],"collection":[{"href":"https:\/\/acerosdeloriente.com\/reload\/wp-json\/wp\/v2\/product"}],"about":[{"href":"https:\/\/acerosdeloriente.com\/reload\/wp-json\/wp\/v2\/types\/product"}],"replies":[{"embeddable":true,"href":"https:\/\/acerosdeloriente.com\/reload\/wp-json\/wp\/v2\/comments?post=315"}],"wp:featuredmedia":[{"embeddable":true,"href":"https:\/\/acerosdeloriente.com\/reload\/wp-json\/wp\/v2\/media\/316"}],"wp:attachment":[{"href":"https:\/\/acerosdeloriente.com\/reload\/wp-json\/wp\/v2\/media?parent=315"}],"wp:term":[{"taxonomy":"product_brand","embeddable":true,"href":"https:\/\/acerosdeloriente.com\/reload\/wp-json\/wp\/v2\/product_brand?post=315"},{"taxonomy":"product_cat","embeddable":true,"href":"https:\/\/acerosdeloriente.com\/reload\/wp-json\/wp\/v2\/product_cat?post=315"},{"taxonomy":"product_tag","embeddable":true,"href":"https:\/\/acerosdeloriente.com\/reload\/wp-json\/wp\/v2\/product_tag?post=315"}],"curies":[{"name":"wp","href":"https:\/\/api.w.org\/{rel}","templated":true}]}}