{"id":317,"date":"2024-11-19T22:06:08","date_gmt":"2024-11-19T22:06:08","guid":{"rendered":"https:\/\/acerosdeloriente.com\/reload\/?post_type=product&#038;p=317"},"modified":"2025-07-10T21:06:16","modified_gmt":"2025-07-10T21:06:16","slug":"lamina-cold-rolled","status":"publish","type":"product","link":"https:\/\/acerosdeloriente.com\/reload\/producto\/lamina-cold-rolled\/","title":{"rendered":"L\u00e1mina Cold Rolled"},"content":{"rendered":"<p>La L\u00e1mina en fr\u00edo o Cold Rolled es fabricada a partir de acero en caliente, previamente tratado qu\u00edmica y mec\u00e1nicamente, removiendo impurezas y otorgando as\u00ed el acabado semi brillante.<\/p>\n<p><b>Medidas:<\/b><br \/>\n*0.40 mm \u2013 0.43 mm \u2013 0.55 mm<br \/>\n*0.70 mm \u2013 0.75 mm \u2013 0.80 mm<br \/>\n*0.85 mm \u2013 1.00 mm \u2013 1.10 mm<br \/>\n*1.15 mm \u2013 1.40 mm \u2013 1.45 mm<br \/>\n*1.85 mm \u2013 1.90 mm<\/p>\n<p>Formatos 2X1 y 4X8<\/p>\n<p>ASTM A 424 &#8211; JIS G 3141<\/p>\n","protected":false},"excerpt":{"rendered":"<p>La L\u00e1mina en fr\u00edo o Cold Rolled es fabricada a partir de acero en caliente, previamente tratado qu\u00edmica y mec\u00e1nicamente, removiendo impurezas y otorgando as\u00ed el acabado semi brillante.<\/p>\n","protected":false},"featured_media":318,"comment_status":"open","ping_status":"closed","template":"","meta":{"_et_pb_use_builder":"","_et_pb_old_content":"","_et_gb_content_width":""},"product_brand":[],"product_cat":[25],"product_tag":[],"class_list":{"0":"post-317","1":"product","2":"type-product","3":"status-publish","4":"has-post-thumbnail","6":"product_cat-laminas","8":"first","9":"instock","10":"shipping-taxable","11":"product-type-simple"},"_links":{"self":[{"href":"https:\/\/acerosdeloriente.com\/reload\/wp-json\/wp\/v2\/product\/317","targetHints":{"allow":["GET"]}}],"collection":[{"href":"https:\/\/acerosdeloriente.com\/reload\/wp-json\/wp\/v2\/product"}],"about":[{"href":"https:\/\/acerosdeloriente.com\/reload\/wp-json\/wp\/v2\/types\/product"}],"replies":[{"embeddable":true,"href":"https:\/\/acerosdeloriente.com\/reload\/wp-json\/wp\/v2\/comments?post=317"}],"wp:featuredmedia":[{"embeddable":true,"href":"https:\/\/acerosdeloriente.com\/reload\/wp-json\/wp\/v2\/media\/318"}],"wp:attachment":[{"href":"https:\/\/acerosdeloriente.com\/reload\/wp-json\/wp\/v2\/media?parent=317"}],"wp:term":[{"taxonomy":"product_brand","embeddable":true,"href":"https:\/\/acerosdeloriente.com\/reload\/wp-json\/wp\/v2\/product_brand?post=317"},{"taxonomy":"product_cat","embeddable":true,"href":"https:\/\/acerosdeloriente.com\/reload\/wp-json\/wp\/v2\/product_cat?post=317"},{"taxonomy":"product_tag","embeddable":true,"href":"https:\/\/acerosdeloriente.com\/reload\/wp-json\/wp\/v2\/product_tag?post=317"}],"curies":[{"name":"wp","href":"https:\/\/api.w.org\/{rel}","templated":true}]}}