{"id":371,"date":"2024-11-21T13:49:54","date_gmt":"2024-11-21T13:49:54","guid":{"rendered":"https:\/\/acerosdeloriente.com\/reload\/?post_type=product&#038;p=371"},"modified":"2025-07-10T20:59:21","modified_gmt":"2025-07-10T20:59:21","slug":"entrepiso-o-perfil-placa-facil","status":"publish","type":"product","link":"https:\/\/acerosdeloriente.com\/reload\/producto\/entrepiso-o-perfil-placa-facil\/","title":{"rendered":"Entrepiso \u00f3 Perfil Placa F\u00e1cil"},"content":{"rendered":"<p>Revolucionario sistema que permite construcciones m\u00e1s limpias, f\u00e1ciles y ahorran tiempo y material en construcci\u00f3n. A base de l\u00e1mina HR, se fabrica en l\u00e1mina de espesor 1.5 mm para una mayor resistencia.<\/p>\n<p><b>Medidas:<\/b><\/p>\n<p>*5 mt &#8211; 6 mt &#8211; 7 mt<br \/>\n* 8 mt &#8211; 9 mt &#8211; 10 mt<br \/>\n*11 mt &#8211; 12 mt<\/p>\n<p>NSR 10 &#8211; ASTM A 36<\/p>\n","protected":false},"excerpt":{"rendered":"<p>Revolucionario sistema que permite construcciones m\u00e1s limpias, f\u00e1ciles y ahorran tiempo y material en construcci\u00f3n. A base de l\u00e1mina HR, se fabrica en l\u00e1mina de espesor 1.5 mm para una mayor resistencia.<\/p>\n","protected":false},"featured_media":372,"comment_status":"open","ping_status":"closed","template":"","meta":{"_et_pb_use_builder":"","_et_pb_old_content":"","_et_gb_content_width":""},"product_brand":[],"product_cat":[29],"product_tag":[],"class_list":{"0":"post-371","1":"product","2":"type-product","3":"status-publish","4":"has-post-thumbnail","6":"product_cat-construccion","8":"first","9":"instock","10":"featured","11":"shipping-taxable","12":"product-type-simple"},"_links":{"self":[{"href":"https:\/\/acerosdeloriente.com\/reload\/wp-json\/wp\/v2\/product\/371","targetHints":{"allow":["GET"]}}],"collection":[{"href":"https:\/\/acerosdeloriente.com\/reload\/wp-json\/wp\/v2\/product"}],"about":[{"href":"https:\/\/acerosdeloriente.com\/reload\/wp-json\/wp\/v2\/types\/product"}],"replies":[{"embeddable":true,"href":"https:\/\/acerosdeloriente.com\/reload\/wp-json\/wp\/v2\/comments?post=371"}],"wp:featuredmedia":[{"embeddable":true,"href":"https:\/\/acerosdeloriente.com\/reload\/wp-json\/wp\/v2\/media\/372"}],"wp:attachment":[{"href":"https:\/\/acerosdeloriente.com\/reload\/wp-json\/wp\/v2\/media?parent=371"}],"wp:term":[{"taxonomy":"product_brand","embeddable":true,"href":"https:\/\/acerosdeloriente.com\/reload\/wp-json\/wp\/v2\/product_brand?post=371"},{"taxonomy":"product_cat","embeddable":true,"href":"https:\/\/acerosdeloriente.com\/reload\/wp-json\/wp\/v2\/product_cat?post=371"},{"taxonomy":"product_tag","embeddable":true,"href":"https:\/\/acerosdeloriente.com\/reload\/wp-json\/wp\/v2\/product_tag?post=371"}],"curies":[{"name":"wp","href":"https:\/\/api.w.org\/{rel}","templated":true}]}}